{"id":243,"date":"2022-06-13T07:16:56","date_gmt":"2022-06-12T23:16:56","guid":{"rendered":"http:\/\/hkkayu.com\/product\/personalised-mug\/"},"modified":"2025-05-29T19:29:59","modified_gmt":"2025-05-29T11:29:59","slug":"etiquetas-adhesivas-personalizadas-2","status":"publish","type":"product","link":"https:\/\/hkkayu.com\/es\/product\/custom-label-stickers\/","title":{"rendered":"Personalizado brillo de Labios etiquetas, las etiquetas de los cosm\u00e9ticos Troquel de Corte del Rollo de Etiquetas"},"content":{"rendered":"<p>Etiquetas adhesivas personalizadas Muestre su personalidad, marca y creatividad con etiquetas en rollo troqueladas y personalizadas. Explore las opciones de tama\u00f1o y stock en una sencilla funci\u00f3n de carga de dise\u00f1os.<br \/>\nHola, somos una imprenta china especializada en todo tipo de impresi\u00f3n y embalaje. Tengo un alto nivel de conocimiento sobre las diversas cuestiones t\u00e9cnicas de pegatinas de etiquetas y envases de cigarrillos. Si necesita dise\u00f1o o cualquier tecnolog\u00eda, puede dec\u00edrmelo, puedo satisfacer sus necesidades, \u00a1gracias!<br \/>\nEtiquetas autoadhesivas personalizadas, etiquetas para cosm\u00e9ticos, etiquetas para velas, vinilos autoadhesivos, etiquetas para botellas, etiquetas para puros, pegatinas para rollos, etc.<br \/>\nRegi\u00f3n: Shenzhen, China Acepta tama\u00f1o, logotipo e impresi\u00f3n personalizados<\/p>\n<p><img fetchpriority=\"high\" decoding=\"async\" class=\"alignnone wp-image-2966\" src=\"http:\/\/hkkayu.com\/wp-content\/uploads\/2022\/06\/1-1-276x300.jpg\" alt=\"Personalizado Etiqueta del Rollo de pegatinas\" width=\"887\" height=\"964\" srcset=\"https:\/\/hkkayu.com\/wp-content\/uploads\/2022\/06\/1-1-276x300.jpg 276w, https:\/\/hkkayu.com\/wp-content\/uploads\/2022\/06\/1-1-768x834.jpg 768w, https:\/\/hkkayu.com\/wp-content\/uploads\/2022\/06\/1-1-600x652.jpg 600w, https:\/\/hkkayu.com\/wp-content\/uploads\/2022\/06\/1-1.jpg 800w\" sizes=\"(max-width: 887px) 100vw, 887px\" \/><\/p>\n<p><a href=\"https:\/\/www.facebook.com\/szkayu\">etiquetas adhesivas personalizadas<\/a><\/p>\n<p>Facilite a nuestra empresa los requisitos de material, tama\u00f1o, cantidad o proceso especial del producto impreso, y le haremos un presupuesto r\u00e1pidamente (el precio que se muestra es para la comodidad de tomar el n\u00famero de piezas en lugar del precio del producto).<\/p>\n<p><a href=\"http:\/\/hkkayu.com\/es\/\">Shenzhen KAYU Printing Co., Ltd<\/a><\/p>","protected":false},"excerpt":{"rendered":"<p>Custom shaped sticker rolls with label backing.<\/p>\n<div class=\"wpforms-container \" id=\"wpforms-3663\">\n<form id=\"wpforms-form-3663\" class=\"wpforms-validate wpforms-form wpforms-ajax-form\" data-formid=\"3663\" method=\"post\" enctype=\"multipart\/form-data\" action=\"\/es\/wp-json\/wp\/v2\/product\/243\" data-token=\"8dd8578230353f48d237eb093b8ed5e3\" data-token-time=\"1775317222\"><noscript class=\"wpforms-error-noscript\">Por favor, activa JavaScript en tu navegador para completar este formulario.<\/noscript><\/p>\n<div class=\"wpforms-field-container\">\n<div id=\"wpforms-3663-field_1-container\" class=\"wpforms-field wpforms-field-name\" data-field-id=\"1\"><label class=\"wpforms-field-label\">Name <span class=\"wpforms-required-label\">*<\/span><\/label><\/p>\n<div class=\"wpforms-field-row wpforms-field-medium\">\n<div class=\"wpforms-field-row-block wpforms-first wpforms-one-half\"><input type=\"text\" id=\"wpforms-3663-field_1\" class=\"wpforms-field-name-first wpforms-field-required\" name=\"wpforms[fields][1][first]\" required><label for=\"wpforms-3663-field_1\" class=\"wpforms-field-sublabel after\">Nombre<\/label><\/div>\n<div class=\"wpforms-field-row-block wpforms-one-half\"><input type=\"text\" id=\"wpforms-3663-field_1-last\" class=\"wpforms-field-name-last wpforms-field-required\" name=\"wpforms[fields][1][last]\" required><label for=\"wpforms-3663-field_1-last\" class=\"wpforms-field-sublabel after\">Apellidos<\/label><\/div>\n<\/div>\n<\/div>\n<div id=\"wpforms-3663-field_2-container\" class=\"wpforms-field wpforms-field-email\" data-field-id=\"2\"><label class=\"wpforms-field-label\" for=\"wpforms-3663-field_2\">Email <span class=\"wpforms-required-label\">*<\/span><\/label><input type=\"email\" id=\"wpforms-3663-field_2\" class=\"wpforms-field-medium wpforms-field-required\" name=\"wpforms[fields][2]\" spellcheck=\"false\" required><\/div>\n<div id=\"wpforms-3663-field_5-container\"\n\t\t\tclass=\"wpforms-field wpforms-field-text\"\n\t\t\tdata-field-type=\"text\"\n\t\t\tdata-field-id=\"5\"\n\t\t\t><br \/>\n\t\t\t<label class=\"wpforms-field-label\" for=\"wpforms-3663-field_5\" >Message Comment Code)<\/label><br \/>\n\t\t\t<input type=\"text\" id=\"wpforms-3663-field_5\" class=\"wpforms-field-medium\" name=\"wpforms[fields][5]\" >\n\t\t<\/div>\n<div id=\"wpforms-3663-field_4-container\" class=\"wpforms-field wpforms-field-text\" data-field-id=\"4\"><label class=\"wpforms-field-label\" for=\"wpforms-3663-field_4\">WhatsApp+(Country Code)<\/label><input type=\"text\" id=\"wpforms-3663-field_4\" class=\"wpforms-field-medium\" name=\"wpforms[fields][4]\" ><\/div>\n<div id=\"wpforms-3663-field_3-container\" class=\"wpforms-field wpforms-field-textarea\" data-field-id=\"3\"><label class=\"wpforms-field-label\" for=\"wpforms-3663-field_3\">Comment or Message <span class=\"wpforms-required-label\">*<\/span><\/label><textarea id=\"wpforms-3663-field_3\" class=\"wpforms-field-medium wpforms-field-required\" name=\"wpforms[fields][3]\" required><\/textarea><\/div>\n<p><script>\n\t\t\t\t( function() {\n\t\t\t\t\tconst style = document.createElement( 'style' );\n\t\t\t\t\tstyle.appendChild( document.createTextNode( '#wpforms-3663-field_5-container { position: absolute !important; overflow: hidden !important; display: inline !important; height: 1px !important; width: 1px !important; z-index: -1000 !important; padding: 0 !important; } #wpforms-3663-field_5-container input { visibility: hidden; } #wpforms-conversational-form-page #wpforms-3663-field_5-container label { counter-increment: none; }' ) );\n\t\t\t\t\tdocument.head.appendChild( style );\n\t\t\t\t\tdocument.currentScript?.remove();\n\t\t\t\t} )();\n\t\t\t<\/script><\/div>\n<p><!-- .wpforms-field-container --><\/p>\n<div class=\"wpforms-submit-container\" ><input type=\"hidden\" name=\"wpforms[id]\" value=\"3663\"><input type=\"hidden\" name=\"page_title\" value=\"\"><input type=\"hidden\" name=\"page_url\" value=\"https:\/\/hkkayu.com\/es\/wp-json\/wp\/v2\/product\/243\"><input type=\"hidden\" name=\"url_referer\" value=\"\"><button type=\"submit\" name=\"wpforms[submit]\" id=\"wpforms-submit-3663\" class=\"wpforms-submit\" data-alt-text=\"Sending...\" data-submit-text=\"Submit\" aria-live=\"assertive\" value=\"wpforms-submit\">Submit<\/button><img decoding=\"async\" src=\"https:\/\/hkkayu.com\/wp-content\/plugins\/wpforms-lite\/assets\/images\/submit-spin.svg\" class=\"wpforms-submit-spinner\" style=\"display: none;\" width=\"26\" height=\"26\" alt=\"Cargando\"><\/div>\n<\/form>\n<\/div>\n<p>  <!-- .wpforms-container --><\/p>\n","protected":false},"featured_media":3445,"template":"","meta":{"om_disable_all_campaigns":false,"_uag_custom_page_level_css":"","_monsterinsights_skip_tracking":false,"_monsterinsights_sitenote_active":false,"_monsterinsights_sitenote_note":"","_monsterinsights_sitenote_category":0,"site-sidebar-layout":"default","site-content-layout":"default","ast-site-content-layout":"default","site-content-style":"default","site-sidebar-style":"default","ast-global-header-display":"","ast-banner-title-visibility":"","ast-main-header-display":"","ast-hfb-above-header-display":"","ast-hfb-below-header-display":"","ast-hfb-mobile-header-display":"","site-post-title":"","ast-breadcrumbs-content":"","ast-featured-img":"","footer-sml-layout":"","ast-disable-related-posts":"","theme-transparent-header-meta":"default","adv-header-id-meta":"","stick-header-meta":"","header-above-stick-meta":"","header-main-stick-meta":"","header-below-stick-meta":"","astra-migrate-meta-layouts":"set","ast-page-background-enabled":"default","ast-page-background-meta":{"desktop":{"background-color":"","background-image":"","background-repeat":"repeat","background-position":"center center","background-size":"auto","background-attachment":"scroll","background-type":"","background-media":"","overlay-type":"","overlay-color":"","overlay-opacity":"","overlay-gradient":""},"tablet":{"background-color":"","background-image":"","background-repeat":"repeat","background-position":"center center","background-size":"auto","background-attachment":"scroll","background-type":"","background-media":"","overlay-type":"","overlay-color":"","overlay-opacity":"","overlay-gradient":""},"mobile":{"background-color":"","background-image":"","background-repeat":"repeat","background-position":"center center","background-size":"auto","background-attachment":"scroll","background-type":"","background-media":"","overlay-type":"","overlay-color":"","overlay-opacity":"","overlay-gradient":""}},"ast-content-background-meta":{"desktop":{"background-color":"var(--ast-global-color-5)","background-image":"","background-repeat":"repeat","background-position":"center center","background-size":"auto","background-attachment":"scroll","background-type":"","background-media":"","overlay-type":"","overlay-color":"","overlay-opacity":"","overlay-gradient":""},"tablet":{"background-color":"var(--ast-global-color-5)","background-image":"","background-repeat":"repeat","background-position":"center center","background-size":"auto","background-attachment":"scroll","background-type":"","background-media":"","overlay-type":"","overlay-color":"","overlay-opacity":"","overlay-gradient":""},"mobile":{"background-color":"var(--ast-global-color-5)","background-image":"","background-repeat":"repeat","background-position":"center center","background-size":"auto","background-attachment":"scroll","background-type":"","background-media":"","overlay-type":"","overlay-color":"","overlay-opacity":"","overlay-gradient":""}}},"product_brand":[],"product_cat":[54,57],"product_tag":[77,76],"class_list":{"0":"post-243","1":"product","2":"type-product","3":"status-publish","4":"has-post-thumbnail","6":"product_cat-labels-and-stickers","7":"product_cat-sticker","8":"product_tag-custom-label-stickers","9":"product_tag-custom-roll-label-stickers","10":"desktop-align-center","11":"tablet-align-center","12":"mobile-align-center","14":"first","15":"instock","16":"featured","17":"taxable","18":"shipping-taxable","19":"product-type-simple"},"aioseo_notices":[],"uagb_featured_image_src":{"full":["https:\/\/hkkayu.com\/wp-content\/uploads\/2022\/06\/10001-1.png",800,800,false],"thumbnail":["https:\/\/hkkayu.com\/wp-content\/uploads\/2022\/06\/10001-1-150x150.png",150,150,true],"medium":["https:\/\/hkkayu.com\/wp-content\/uploads\/2022\/06\/10001-1.png",800,800,false],"medium_large":["https:\/\/hkkayu.com\/wp-content\/uploads\/2022\/06\/10001-1-768x768.png",768,768,true],"large":["https:\/\/hkkayu.com\/wp-content\/uploads\/2022\/06\/10001-1.png",800,800,false],"1536x1536":["https:\/\/hkkayu.com\/wp-content\/uploads\/2022\/06\/10001-1.png",800,800,false],"2048x2048":["https:\/\/hkkayu.com\/wp-content\/uploads\/2022\/06\/10001-1.png",800,800,false],"trp-custom-language-flag":["https:\/\/hkkayu.com\/wp-content\/uploads\/2022\/06\/10001-1.png",12,12,false],"mailpoet_newsletter_max":["https:\/\/hkkayu.com\/wp-content\/uploads\/2022\/06\/10001-1.png",800,800,false],"woocommerce_thumbnail":["https:\/\/hkkayu.com\/wp-content\/uploads\/2022\/06\/10001-1-300x300.png",300,300,true],"woocommerce_single":["https:\/\/hkkayu.com\/wp-content\/uploads\/2022\/06\/10001-1-600x600.png",600,600,true],"woocommerce_gallery_thumbnail":["https:\/\/hkkayu.com\/wp-content\/uploads\/2022\/06\/10001-1-100x100.png",100,100,true]},"uagb_author_info":{"display_name":"admin","author_link":"https:\/\/hkkayu.com\/es\/author\/"},"uagb_comment_info":2,"uagb_excerpt":"Custom shaped sticker rolls with label backing. [wpforms id=\"3663\"]","aioseo_head":"\n\t\t<!-- All in One SEO Pro 4.6.0 - aioseo.com -->\n\t\t<meta name=\"description\" content=\"Get premium custom label stickers for branding, packaging, and more. Perfect for businesses seeking high-quality, professional labels. Order now at HKKAYU.\" \/>\n\t\t<meta name=\"robots\" content=\"max-image-preview:large\" \/>\n\t\t<meta name=\"google-site-verification\" content=\"dzXfJnwOiVxat1p8cyt6iUgKue6RDIJidQiH-aMD0WM\" \/>\n\t\t<meta name=\"yandex-verification\" content=\"9cdcfa146a9fd9a0\" \/>\n\t\t<meta name=\"baidu-site-verification\" content=\"codeva-2wfrtHUYJC\" \/>\n\t\t<link rel=\"canonical\" href=\"https:\/\/hkkayu.com\/es\/product\/custom-label-stickers\/\" \/>\n\t\t<meta name=\"generator\" content=\"All in One SEO Pro (AIOSEO) 4.6.0\" \/>\n\t\t<meta property=\"og:locale\" content=\"es_ES\" \/>\n\t\t<meta property=\"og:site_name\" content=\"Adhesive Labels &amp; Stickers Printing | Color Box Packaging | High Quality Cigarette packaging Printing\" \/>\n\t\t<meta property=\"og:type\" content=\"article\" \/>\n\t\t<meta property=\"og:title\" content=\"Custom Label Stickers for Business Branding &amp; Packaging | HKKAYU\" \/>\n\t\t<meta property=\"og:description\" content=\"Get premium custom label stickers for branding, packaging, and more. Perfect for businesses seeking high-quality, professional labels. Order now at HKKAYU.\" \/>\n\t\t<meta property=\"og:url\" content=\"https:\/\/hkkayu.com\/es\/product\/custom-label-stickers\/\" \/>\n\t\t<meta property=\"og:image\" content=\"https:\/\/hkkayu.com\/wp-content\/uploads\/2022\/06\/10001-1.png\" \/>\n\t\t<meta property=\"og:image:secure_url\" content=\"https:\/\/hkkayu.com\/wp-content\/uploads\/2022\/06\/10001-1.png\" \/>\n\t\t<meta property=\"og:image:width\" content=\"800\" \/>\n\t\t<meta property=\"og:image:height\" content=\"800\" \/>\n\t\t<meta property=\"article:published_time\" content=\"2022-06-12T23:16:56+00:00\" \/>\n\t\t<meta property=\"article:modified_time\" content=\"2025-05-29T11:29:59+00:00\" \/>\n\t\t<meta property=\"article:publisher\" content=\"https:\/\/www.facebook.com\/szkayu\" \/>\n\t\t<meta name=\"twitter:card\" content=\"summary_large_image\" \/>\n\t\t<meta name=\"twitter:site\" content=\"@KayuPrinting\" \/>\n\t\t<meta name=\"twitter:title\" content=\"custom label stickersCustom Lip gloss stickers, cosmetic labels Die Cut Roll Labels |\" \/>\n\t\t<meta name=\"twitter:description\" content=\"Get premium custom label stickers for branding, packaging, and more. Perfect for businesses seeking high-quality, professional labels. Order now at HKKAYU.\" \/>\n\t\t<meta name=\"twitter:creator\" content=\"@KayuPrinting\" \/>\n\t\t<meta name=\"twitter:image\" content=\"https:\/\/hkkayu.com\/wp-content\/uploads\/2022\/06\/15F3D7DFA12FA32553EA8C4DD2D580C1.png\" \/>\n\t\t<meta name=\"twitter:label1\" content=\"Written by\" \/>\n\t\t<meta name=\"twitter:data1\" content=\"admin\" \/>\n\t\t<meta name=\"twitter:label2\" content=\"Est. reading time\" \/>\n\t\t<meta name=\"twitter:data2\" content=\"1 minute\" \/>\n\t\t<script type=\"application\/ld+json\" class=\"aioseo-schema\">\n\t\t\t{\"@context\":\"https:\\\/\\\/schema.org\",\"@graph\":[{\"@type\":\"BreadcrumbList\",\"@id\":\"https:\\\/\\\/hkkayu.com\\\/es\\\/product\\\/custom-label-stickers\\\/#breadcrumblist\",\"itemListElement\":[{\"@type\":\"ListItem\",\"@id\":\"https:\\\/\\\/hkkayu.com\\\/es\\\/#listItem\",\"position\":1,\"name\":\"Home\",\"item\":\"https:\\\/\\\/hkkayu.com\\\/es\\\/\",\"nextItem\":\"https:\\\/\\\/hkkayu.com\\\/es\\\/product\\\/custom-label-stickers\\\/#listItem\"},{\"@type\":\"ListItem\",\"@id\":\"https:\\\/\\\/hkkayu.com\\\/es\\\/product\\\/custom-label-stickers\\\/#listItem\",\"position\":2,\"name\":\"Custom Lip gloss stickers, cosmetic labels Die Cut Roll Labels\",\"previousItem\":\"https:\\\/\\\/hkkayu.com\\\/es\\\/#listItem\"}]},{\"@type\":\"Person\",\"@id\":\"https:\\\/\\\/hkkayu.com\\\/es\\\/#person\",\"name\":\"admin\",\"image\":{\"@type\":\"ImageObject\",\"@id\":\"https:\\\/\\\/hkkayu.com\\\/es\\\/product\\\/custom-label-stickers\\\/#personImage\",\"url\":\"https:\\\/\\\/hkkayu.com\\\/wp-content\\\/litespeed\\\/avatar\\\/33225e9869c7256fa21564f792d6901c.jpg?ver=1775287552\",\"width\":96,\"height\":96,\"caption\":\"admin\"}},{\"@type\":\"WebPage\",\"@id\":\"https:\\\/\\\/hkkayu.com\\\/es\\\/product\\\/custom-label-stickers\\\/#webpage\",\"url\":\"https:\\\/\\\/hkkayu.com\\\/es\\\/product\\\/custom-label-stickers\\\/\",\"name\":\"Custom Label Stickers for Business Branding & Packaging | HKKAYU\",\"description\":\"Get premium custom label stickers for branding, packaging, and more. Perfect for businesses seeking high-quality, professional labels. Order now at HKKAYU.\",\"inLanguage\":\"es-ES\",\"isPartOf\":{\"@id\":\"https:\\\/\\\/hkkayu.com\\\/es\\\/#website\"},\"breadcrumb\":{\"@id\":\"https:\\\/\\\/hkkayu.com\\\/es\\\/product\\\/custom-label-stickers\\\/#breadcrumblist\"},\"image\":{\"@type\":\"ImageObject\",\"url\":\"https:\\\/\\\/hkkayu.com\\\/wp-content\\\/uploads\\\/2022\\\/06\\\/10001-1.png\",\"@id\":\"https:\\\/\\\/hkkayu.com\\\/es\\\/product\\\/custom-label-stickers\\\/#mainImage\",\"width\":800,\"height\":800,\"caption\":\"Custom Roll Label stickers\"},\"primaryImageOfPage\":{\"@id\":\"https:\\\/\\\/hkkayu.com\\\/es\\\/product\\\/custom-label-stickers\\\/#mainImage\"},\"datePublished\":\"2022-06-13T07:16:56+08:00\",\"dateModified\":\"2025-05-29T19:29:59+08:00\"},{\"@type\":\"WebSite\",\"@id\":\"https:\\\/\\\/hkkayu.com\\\/es\\\/#website\",\"url\":\"https:\\\/\\\/hkkayu.com\\\/es\\\/\",\"name\":\"Adhesive Labels & Stickers Printing | Color Box Packaging | High Quality Cigarette packaging Printing\",\"description\":\"KAYU Printing is one of the leading label and sticker Cigarette packaging printing suppliers in China. Specially custom printed for international companies.\",\"inLanguage\":\"es-ES\",\"publisher\":{\"@id\":\"https:\\\/\\\/hkkayu.com\\\/es\\\/#person\"}}]}\n\t\t<\/script>\n\t\t<!-- All in One SEO Pro -->\r\n\t\t<title>Custom Label Stickers for Business Branding &amp; Packaging | HKKAYU<\/title>\n\n","aioseo_head_json":{"title":"Etiquetas adhesivas personalizadas para empresas y embalajes | HKKAYU","description":"Obtenga pegatinas de etiquetas personalizadas de alta calidad para marcas, embalajes y mucho m\u00e1s. Perfectas para empresas que buscan etiquetas profesionales de alta calidad. Haz tu pedido ahora en HKKAYU.","canonical_url":"https:\/\/hkkayu.com\/es\/product\/custom-label-stickers\/","robots":"max-image-preview:large","keywords":"","webmasterTools":{"google-site-verification":"dzXfJnwOiVxat1p8cyt6iUgKue6RDIJidQiH-aMD0WM","yandex-verification":"9cdcfa146a9fd9a0","baidu-site-verification":"codeva-2wfrtHUYJC","miscellaneous":""},"og:locale":"es_ES","og:site_name":"Adhesive Labels &amp; Stickers Printing | Color Box Packaging | High Quality Cigarette packaging Printing","og:type":"article","og:title":"Custom Label Stickers for Business Branding &amp; Packaging | HKKAYU","og:description":"Get premium custom label stickers for branding, packaging, and more. Perfect for businesses seeking high-quality, professional labels. Order now at HKKAYU.","og:url":"https:\/\/hkkayu.com\/es\/product\/custom-label-stickers\/","og:image":"https:\/\/hkkayu.com\/wp-content\/uploads\/2022\/06\/10001-1.png","og:image:secure_url":"https:\/\/hkkayu.com\/wp-content\/uploads\/2022\/06\/10001-1.png","og:image:width":"800","og:image:height":"800","article:published_time":"2022-06-12T23:16:56+00:00","article:modified_time":"2025-05-29T11:29:59+00:00","article:publisher":"https:\/\/www.facebook.com\/szkayu","twitter:card":"summary_large_image","twitter:site":"@KayuPrinting","twitter:title":"custom label stickersCustom Lip gloss stickers, cosmetic labels Die Cut Roll Labels |","twitter:description":"Get premium custom label stickers for branding, packaging, and more. Perfect for businesses seeking high-quality, professional labels. Order now at HKKAYU.","twitter:creator":"@KayuPrinting","twitter:image":"https:\/\/hkkayu.com\/wp-content\/uploads\/2022\/06\/15F3D7DFA12FA32553EA8C4DD2D580C1.png","twitter:label1":"Written by","twitter:data1":"admin","twitter:label2":"Est. reading time","twitter:data2":"1 minute","schema":{"@context":"https:\/\/schema.org","@graph":[{"@type":"BreadcrumbList","@id":"https:\/\/hkkayu.com\/es\/product\/custom-label-stickers\/#breadcrumblist","itemListElement":[{"@type":"ListItem","@id":"https:\/\/hkkayu.com\/es\/#listItem","position":1,"name":"Home","item":"https:\/\/hkkayu.com\/es\/","nextItem":"https:\/\/hkkayu.com\/es\/product\/custom-label-stickers\/#listItem"},{"@type":"ListItem","@id":"https:\/\/hkkayu.com\/es\/product\/custom-label-stickers\/#listItem","position":2,"name":"Custom Lip gloss stickers, cosmetic labels Die Cut Roll Labels","previousItem":"https:\/\/hkkayu.com\/es\/#listItem"}]},{"@type":"Person","@id":"https:\/\/hkkayu.com\/es\/#person","name":"admin","image":{"@type":"ImageObject","@id":"https:\/\/hkkayu.com\/es\/product\/custom-label-stickers\/#personImage","url":"https:\/\/hkkayu.com\/wp-content\/litespeed\/avatar\/33225e9869c7256fa21564f792d6901c.jpg?ver=1775287552","width":96,"height":96,"caption":"admin"}},{"@type":"WebPage","@id":"https:\/\/hkkayu.com\/es\/product\/custom-label-stickers\/#webpage","url":"https:\/\/hkkayu.com\/es\/product\/custom-label-stickers\/","name":"Custom Label Stickers for Business Branding & Packaging | HKKAYU","description":"Get premium custom label stickers for branding, packaging, and more. Perfect for businesses seeking high-quality, professional labels. Order now at HKKAYU.","inLanguage":"es-ES","isPartOf":{"@id":"https:\/\/hkkayu.com\/es\/#website"},"breadcrumb":{"@id":"https:\/\/hkkayu.com\/es\/product\/custom-label-stickers\/#breadcrumblist"},"image":{"@type":"ImageObject","url":"https:\/\/hkkayu.com\/wp-content\/uploads\/2022\/06\/10001-1.png","@id":"https:\/\/hkkayu.com\/es\/product\/custom-label-stickers\/#mainImage","width":800,"height":800,"caption":"Custom Roll Label stickers"},"primaryImageOfPage":{"@id":"https:\/\/hkkayu.com\/es\/product\/custom-label-stickers\/#mainImage"},"datePublished":"2022-06-13T07:16:56+08:00","dateModified":"2025-05-29T19:29:59+08:00"},{"@type":"WebSite","@id":"https:\/\/hkkayu.com\/es\/#website","url":"https:\/\/hkkayu.com\/es\/","name":"Adhesive Labels & Stickers Printing | Color Box Packaging | High Quality Cigarette packaging Printing","description":"KAYU Printing is one of the leading label and sticker Cigarette packaging printing suppliers in China. Specially custom printed for international companies.","inLanguage":"es-ES","publisher":{"@id":"https:\/\/hkkayu.com\/es\/#person"}}]}},"aioseo_meta_data":{"post_id":"243","title":"Custom Label Stickers for Business Branding &amp; Packaging | HKKAYU","description":"Obtenga pegatinas de etiquetas personalizadas de alta calidad para marcas, embalajes y mucho m\u00e1s. Perfectas para empresas que buscan etiquetas profesionales de alta calidad. Haz tu pedido ahora en HKKAYU.","keywords":null,"keyphrases":"{\"focus\":{\"keyphrase\":\"custom label\",\"analysis\":{\"keyphraseInTitle\":{\"score\":9,\"maxScore\":9,\"error\":0},\"keyphraseInDescription\":{\"score\":9,\"maxScore\":9,\"error\":0},\"keyphraseLength\":{\"score\":9,\"maxScore\":9,\"error\":0,\"length\":2},\"keyphraseInURL\":{\"score\":5,\"maxScore\":5,\"error\":0},\"keyphraseInIntroduction\":{\"score\":9,\"maxScore\":9,\"error\":0},\"keyphraseInSubHeadings\":[],\"keyphraseInImageAlt\":{\"score\":9,\"maxScore\":9,\"error\":0},\"keywordDensity\":{\"type\":\"best\",\"score\":9,\"maxScore\":9,\"error\":0}},\"score\":100},\"additional\":[]}","primary_term":null,"canonical_url":null,"og_title":null,"og_description":null,"og_object_type":"default","og_image_type":"featured","og_image_url":"https:\/\/hkkayu.com\/wp-content\/uploads\/2022\/06\/10001-1.png","og_image_width":"800","og_image_height":"800","og_image_custom_url":null,"og_image_custom_fields":null,"og_video":"","og_custom_url":null,"og_article_section":null,"og_article_tags":null,"twitter_use_og":false,"twitter_card":"default","twitter_image_type":"default","twitter_image_url":null,"twitter_image_custom_url":null,"twitter_image_custom_fields":null,"twitter_title":"custom label stickers#post_title #separator_sa","twitter_description":null,"schema":{"blockGraphs":[],"customGraphs":[],"default":{"data":{"Article":[],"Course":[],"Dataset":[],"FAQPage":[],"Movie":[],"Person":[],"Product":[],"Recipe":[],"Service":[],"SoftwareApplication":[],"WebPage":[],"ProductReview":[],"Car":[]},"graphName":"WebPage","isEnabled":true},"graphs":[]},"schema_type":"default","schema_type_options":null,"pillar_content":false,"robots_default":true,"robots_noindex":false,"robots_noarchive":false,"robots_nosnippet":false,"robots_nofollow":false,"robots_noimageindex":false,"robots_noodp":false,"robots_notranslate":false,"robots_max_snippet":"-1","robots_max_videopreview":"-1","robots_max_imagepreview":"large","priority":null,"frequency":"default","local_seo":null,"limit_modified_date":false,"created":"2022-06-09 05:37:03","updated":"2025-05-29 11:39:59"},"aioseo_breadcrumb":"<div class=\"aioseo-breadcrumbs\"><span class=\"aioseo-breadcrumb\">\n\t<a href=\"https:\/\/hkkayu.com\/es\" title=\"HOME\">HOME<\/a>\n<\/span><span class=\"aioseo-breadcrumb-separator\">\u00bb<\/span><span class=\"aioseo-breadcrumb\">\n\t<a href=\"https:\/\/hkkayu.com\/es\/product\/\" title=\"product\">product<\/a>\n<\/span><span class=\"aioseo-breadcrumb-separator\">\u00bb<\/span><span class=\"aioseo-breadcrumb\">\n\t<a href=\"https:\/\/hkkayu.com\/es\/product-category\/labels-and-stickers\/\" title=\"Labels and stickers\">Labels and stickers<\/a>\n<\/span><span class=\"aioseo-breadcrumb-separator\">\u00bb<\/span><span class=\"aioseo-breadcrumb\">\n\tCustom Lip gloss stickers, cosmetic labels Die Cut Roll Labels\n<\/span><\/div>","aioseo_breadcrumb_json":[{"label":"HOME","link":"https:\/\/hkkayu.com\/es"},{"label":"product","link":"https:\/\/hkkayu.com\/es\/product\/"},{"label":"Labels and stickers","link":"https:\/\/hkkayu.com\/es\/product-category\/labels-and-stickers\/"},{"label":"Custom Lip gloss stickers, cosmetic labels Die Cut Roll Labels","link":"https:\/\/hkkayu.com\/es\/product\/custom-label-stickers\/"}],"_links":{"self":[{"href":"https:\/\/hkkayu.com\/es\/wp-json\/wp\/v2\/product\/243","targetHints":{"allow":["GET"]}}],"collection":[{"href":"https:\/\/hkkayu.com\/es\/wp-json\/wp\/v2\/product"}],"about":[{"href":"https:\/\/hkkayu.com\/es\/wp-json\/wp\/v2\/types\/product"}],"wp:featuredmedia":[{"embeddable":true,"href":"https:\/\/hkkayu.com\/es\/wp-json\/wp\/v2\/media\/3445"}],"wp:attachment":[{"href":"https:\/\/hkkayu.com\/es\/wp-json\/wp\/v2\/media?parent=243"}],"wp:term":[{"taxonomy":"product_brand","embeddable":true,"href":"https:\/\/hkkayu.com\/es\/wp-json\/wp\/v2\/product_brand?post=243"},{"taxonomy":"product_cat","embeddable":true,"href":"https:\/\/hkkayu.com\/es\/wp-json\/wp\/v2\/product_cat?post=243"},{"taxonomy":"product_tag","embeddable":true,"href":"https:\/\/hkkayu.com\/es\/wp-json\/wp\/v2\/product_tag?post=243"}],"curies":[{"name":"wp","href":"https:\/\/api.w.org\/{rel}","templated":true}]}}