{"id":3255,"date":"2022-06-12T10:33:19","date_gmt":"2022-06-12T02:33:19","guid":{"rendered":"http:\/\/hkkayu.com\/?post_type=product&#038;p=3255"},"modified":"2025-05-31T13:16:36","modified_gmt":"2025-05-31T05:16:36","slug":"etiquettes-epoxy-autocollantes","status":"publish","type":"product","link":"https:\/\/hkkayu.com\/fr\/product\/epoxy-stickers-label\/","title":{"rendered":"Personnalis\u00e9s autocollants \u00e9poxydes \u00e9tiquette"},"content":{"rendered":"<h2>Etiquettes \u00e9poxy personnalis\u00e9es<\/h2>\n<p>Fabricant d'autocollants \u00e9poxy en plastique PVC personnalis\u00e9s, d'\u00e9tiquettes \u00e9poxy, d'\u00e9tiquettes \u00e9poxy respectueuses de l'environnement<\/p>\n<p>Vous \u00eates au bon endroit ! KAYU est une imprimerie professionnelle en Chine.<br \/>\nNous ne sommes pas une soci\u00e9t\u00e9 commerciale, mais un fabricant qui travaille directement avec vous. Notre mission est de rendre l'impression simple, rapide et abordable sans compromettre la qualit\u00e9.<\/p>\n<p>Mat\u00e9riau:Etiquette \u00e9poxy, m\u00e9tal \u00e9poxy Type de produit:Plaque nominative\/badge en m\u00e9tal<br \/>\nTechnique:D\u00e9coupage \u00e0 l'emporte-pi\u00e8ce Style:Votre style, autocollant d\u00e9coratif<br \/>\nUtilisation : meubles\/\u00e9lectronique\/cadeaux Caract\u00e9ristique r\u00e9gionale : sur mesure<br \/>\nForme:Toute taille Utilisation:Autocollant<br \/>\nTaille : Taille et forme personnalis\u00e9es Impression : Conception personnalis\u00e9e<br \/>\nNom du produit : \u00e9tiquette en \u00e9poxy Avantages : imperm\u00e9able \u00e0 l'eau, anti-poussi\u00e8re, inoxydable<br \/>\nNorme:CE,ROSH,AU ADUIT Num\u00e9ro de mod\u00e8le:OEM<br \/>\nNom de marque :<a href=\"http:\/\/hkkayu.com\/fr\/\">Label KAYU\u00a0<\/a>\u00a0 \u00a0 \u00a0 \u00a0 \u00a0 \u00a0 \u00a0 \u00a0 \u00a0 \u00a0 \u00a0 \u00a0 \u00a0 \u00a0 \u00a0 \u00a0 \u00a0 \u00a0 \u00a0 \u00a0 \u00a0 \u00a0<a href=\"https:\/\/www.facebook.com\/szkayu\">Lieu d'origine :<\/a>Shenzhen, Chine<\/p>\n<p>autocollant goutte \u00e0 goutte en plastique<\/p>\n<p>Indiquez \u00e0 notre soci\u00e9t\u00e9 le mat\u00e9riau, la taille, la quantit\u00e9 ou les exigences sp\u00e9ciales du produit imprim\u00e9, et nous vous ferons parvenir rapidement un devis (le prix indiqu\u00e9 correspond au nombre de pi\u00e8ces plut\u00f4t qu'au prix du produit).<\/p>","protected":false},"excerpt":{"rendered":"<p>Manufacturer Customized PVC Plastic Epoxy Stickers, Epoxy Labels, Environmentally Friendly Epoxy Labels<\/p>\n<div class=\"wpforms-container \" id=\"wpforms-3663\">\n<form id=\"wpforms-form-3663\" class=\"wpforms-validate wpforms-form wpforms-ajax-form\" data-formid=\"3663\" method=\"post\" enctype=\"multipart\/form-data\" action=\"\/fr\/wp-json\/wp\/v2\/product\/3255\" data-token=\"350c06299e7dbe9f853c7f2aeec0db5d\" data-token-time=\"1775449593\"><noscript class=\"wpforms-error-noscript\">Veuillez activer JavaScript dans votre navigateur pour remplir ce formulaire.<\/noscript><\/p>\n<div class=\"wpforms-field-container\">\n<div id=\"wpforms-3663-field_1-container\" class=\"wpforms-field wpforms-field-name\" data-field-id=\"1\"><label class=\"wpforms-field-label\">Name <span class=\"wpforms-required-label\">*<\/span><\/label><\/p>\n<div class=\"wpforms-field-row wpforms-field-medium\">\n<div class=\"wpforms-field-row-block wpforms-first wpforms-one-half\"><input type=\"text\" id=\"wpforms-3663-field_1\" class=\"wpforms-field-name-first wpforms-field-required\" name=\"wpforms[fields][1][first]\" required><label for=\"wpforms-3663-field_1\" class=\"wpforms-field-sublabel after\">Pr\u00e9nom<\/label><\/div>\n<div class=\"wpforms-field-row-block wpforms-one-half\"><input type=\"text\" id=\"wpforms-3663-field_1-last\" class=\"wpforms-field-name-last wpforms-field-required\" name=\"wpforms[fields][1][last]\" required><label for=\"wpforms-3663-field_1-last\" class=\"wpforms-field-sublabel after\">Nom<\/label><\/div>\n<\/div>\n<\/div>\n<div id=\"wpforms-3663-field_5-container\"\n\t\t\tclass=\"wpforms-field wpforms-field-text\"\n\t\t\tdata-field-type=\"text\"\n\t\t\tdata-field-id=\"5\"\n\t\t\t><br \/>\n\t\t\t<label class=\"wpforms-field-label\" for=\"wpforms-3663-field_5\" >Name Message WhatsApp+(Country<\/label><br \/>\n\t\t\t<input type=\"text\" id=\"wpforms-3663-field_5\" class=\"wpforms-field-medium\" name=\"wpforms[fields][5]\" >\n\t\t<\/div>\n<div id=\"wpforms-3663-field_2-container\" class=\"wpforms-field wpforms-field-email\" data-field-id=\"2\"><label class=\"wpforms-field-label\" for=\"wpforms-3663-field_2\">Email <span class=\"wpforms-required-label\">*<\/span><\/label><input type=\"email\" id=\"wpforms-3663-field_2\" class=\"wpforms-field-medium wpforms-field-required\" name=\"wpforms[fields][2]\" spellcheck=\"false\" required><\/div>\n<div id=\"wpforms-3663-field_4-container\" class=\"wpforms-field wpforms-field-text\" data-field-id=\"4\"><label class=\"wpforms-field-label\" for=\"wpforms-3663-field_4\">WhatsApp+(Country Code)<\/label><input type=\"text\" id=\"wpforms-3663-field_4\" class=\"wpforms-field-medium\" name=\"wpforms[fields][4]\" ><\/div>\n<div id=\"wpforms-3663-field_3-container\" class=\"wpforms-field wpforms-field-textarea\" data-field-id=\"3\"><label class=\"wpforms-field-label\" for=\"wpforms-3663-field_3\">Comment or Message <span class=\"wpforms-required-label\">*<\/span><\/label><textarea id=\"wpforms-3663-field_3\" class=\"wpforms-field-medium wpforms-field-required\" name=\"wpforms[fields][3]\" required><\/textarea><\/div>\n<p><script>\n\t\t\t\t( function() {\n\t\t\t\t\tconst style = document.createElement( 'style' );\n\t\t\t\t\tstyle.appendChild( document.createTextNode( '#wpforms-3663-field_5-container { position: absolute !important; overflow: hidden !important; display: inline !important; height: 1px !important; width: 1px !important; z-index: -1000 !important; padding: 0 !important; } #wpforms-3663-field_5-container input { visibility: hidden; } #wpforms-conversational-form-page #wpforms-3663-field_5-container label { counter-increment: none; }' ) );\n\t\t\t\t\tdocument.head.appendChild( style );\n\t\t\t\t\tdocument.currentScript?.remove();\n\t\t\t\t} )();\n\t\t\t<\/script><\/div>\n<p><!-- .wpforms-field-container --><\/p>\n<div class=\"wpforms-submit-container\" ><input type=\"hidden\" name=\"wpforms[id]\" value=\"3663\"><input type=\"hidden\" name=\"page_title\" value=\"\"><input type=\"hidden\" name=\"page_url\" value=\"https:\/\/hkkayu.com\/fr\/wp-json\/wp\/v2\/product\/3255\"><input type=\"hidden\" name=\"url_referer\" value=\"\"><button type=\"submit\" name=\"wpforms[submit]\" id=\"wpforms-submit-3663\" class=\"wpforms-submit\" data-alt-text=\"Sending...\" data-submit-text=\"Submit\" aria-live=\"assertive\" value=\"wpforms-submit\">Submit<\/button><img decoding=\"async\" src=\"https:\/\/hkkayu.com\/wp-content\/plugins\/wpforms-lite\/assets\/images\/submit-spin.svg\" class=\"wpforms-submit-spinner\" style=\"display: none;\" width=\"26\" height=\"26\" alt=\"Chargement en cours\"><\/div>\n<\/form>\n<\/div>\n<p>  <!-- .wpforms-container --><\/p>\n","protected":false},"featured_media":3253,"template":"","meta":{"om_disable_all_campaigns":false,"_uag_custom_page_level_css":"","_monsterinsights_skip_tracking":false,"_monsterinsights_sitenote_active":false,"_monsterinsights_sitenote_note":"","_monsterinsights_sitenote_category":0,"site-sidebar-layout":"default","site-content-layout":"default","ast-site-content-layout":"default","site-content-style":"default","site-sidebar-style":"default","ast-global-header-display":"","ast-banner-title-visibility":"","ast-main-header-display":"","ast-hfb-above-header-display":"","ast-hfb-below-header-display":"","ast-hfb-mobile-header-display":"","site-post-title":"","ast-breadcrumbs-content":"","ast-featured-img":"","footer-sml-layout":"","ast-disable-related-posts":"","theme-transparent-header-meta":"default","adv-header-id-meta":"","stick-header-meta":"","header-above-stick-meta":"","header-main-stick-meta":"","header-below-stick-meta":"","astra-migrate-meta-layouts":"set","ast-page-background-enabled":"default","ast-page-background-meta":{"desktop":{"background-color":"","background-image":"","background-repeat":"repeat","background-position":"center center","background-size":"auto","background-attachment":"scroll","background-type":"","background-media":"","overlay-type":"","overlay-color":"","overlay-opacity":"","overlay-gradient":""},"tablet":{"background-color":"","background-image":"","background-repeat":"repeat","background-position":"center center","background-size":"auto","background-attachment":"scroll","background-type":"","background-media":"","overlay-type":"","overlay-color":"","overlay-opacity":"","overlay-gradient":""},"mobile":{"background-color":"","background-image":"","background-repeat":"repeat","background-position":"center center","background-size":"auto","background-attachment":"scroll","background-type":"","background-media":"","overlay-type":"","overlay-color":"","overlay-opacity":"","overlay-gradient":""}},"ast-content-background-meta":{"desktop":{"background-color":"var(--ast-global-color-5)","background-image":"","background-repeat":"repeat","background-position":"center center","background-size":"auto","background-attachment":"scroll","background-type":"","background-media":"","overlay-type":"","overlay-color":"","overlay-opacity":"","overlay-gradient":""},"tablet":{"background-color":"var(--ast-global-color-5)","background-image":"","background-repeat":"repeat","background-position":"center center","background-size":"auto","background-attachment":"scroll","background-type":"","background-media":"","overlay-type":"","overlay-color":"","overlay-opacity":"","overlay-gradient":""},"mobile":{"background-color":"var(--ast-global-color-5)","background-image":"","background-repeat":"repeat","background-position":"center center","background-size":"auto","background-attachment":"scroll","background-type":"","background-media":"","overlay-type":"","overlay-color":"","overlay-opacity":"","overlay-gradient":""}}},"product_brand":[],"product_cat":[54,57],"product_tag":[79,80],"class_list":{"0":"post-3255","1":"product","2":"type-product","3":"status-publish","4":"has-post-thumbnail","6":"product_cat-labels-and-stickers","7":"product_cat-sticker","8":"product_tag-custom-epoxy-stickers","9":"product_tag-custom-epoxy-stickers-label","10":"desktop-align-center","11":"tablet-align-center","12":"mobile-align-center","14":"first","15":"instock","16":"taxable","17":"shipping-taxable","18":"product-type-simple"},"aioseo_notices":[],"uagb_featured_image_src":{"full":["https:\/\/hkkayu.com\/wp-content\/uploads\/2022\/06\/dijiao.png",800,800,false],"thumbnail":["https:\/\/hkkayu.com\/wp-content\/uploads\/2022\/06\/dijiao-150x150.png",150,150,true],"medium":["https:\/\/hkkayu.com\/wp-content\/uploads\/2022\/06\/dijiao-300x300.png",300,300,true],"medium_large":["https:\/\/hkkayu.com\/wp-content\/uploads\/2022\/06\/dijiao-768x768.png",768,768,true],"large":["https:\/\/hkkayu.com\/wp-content\/uploads\/2022\/06\/dijiao.png",800,800,false],"1536x1536":["https:\/\/hkkayu.com\/wp-content\/uploads\/2022\/06\/dijiao.png",800,800,false],"2048x2048":["https:\/\/hkkayu.com\/wp-content\/uploads\/2022\/06\/dijiao.png",800,800,false],"trp-custom-language-flag":["https:\/\/hkkayu.com\/wp-content\/uploads\/2022\/06\/dijiao.png",12,12,false],"mailpoet_newsletter_max":["https:\/\/hkkayu.com\/wp-content\/uploads\/2022\/06\/dijiao.png",800,800,false],"woocommerce_thumbnail":["https:\/\/hkkayu.com\/wp-content\/uploads\/2022\/06\/dijiao-300x300.png",300,300,true],"woocommerce_single":["https:\/\/hkkayu.com\/wp-content\/uploads\/2022\/06\/dijiao-600x600.png",600,600,true],"woocommerce_gallery_thumbnail":["https:\/\/hkkayu.com\/wp-content\/uploads\/2022\/06\/dijiao-100x100.png",100,100,true]},"uagb_author_info":{"display_name":"admin","author_link":"https:\/\/hkkayu.com\/fr\/author\/"},"uagb_comment_info":5,"uagb_excerpt":"Manufacturer Customized PVC Plastic Epoxy Stickers, Epoxy Labels, Environmentally Friendly Epoxy Labels [wpforms id=\"3663\"]","aioseo_head":"\n\t\t<!-- All in One SEO Pro 4.6.0 - aioseo.com -->\n\t\t<meta name=\"description\" content=\"High-quality epoxy sticker labels for branding and product packaging. Get durable, waterproof, and eye-catching designs for your products.\" \/>\n\t\t<meta name=\"robots\" content=\"max-image-preview:large\" \/>\n\t\t<meta name=\"google-site-verification\" content=\"dzXfJnwOiVxat1p8cyt6iUgKue6RDIJidQiH-aMD0WM\" \/>\n\t\t<meta name=\"yandex-verification\" content=\"9cdcfa146a9fd9a0\" \/>\n\t\t<meta name=\"baidu-site-verification\" content=\"codeva-2wfrtHUYJC\" \/>\n\t\t<link rel=\"canonical\" href=\"https:\/\/hkkayu.com\/fr\/product\/epoxy-stickers-label\/\" \/>\n\t\t<meta name=\"generator\" content=\"All in One SEO Pro (AIOSEO) 4.6.0\" \/>\n\t\t<meta property=\"og:locale\" content=\"fr_FR\" \/>\n\t\t<meta property=\"og:site_name\" content=\"Adhesive Labels &amp; Stickers Printing | Color Box Packaging | High Quality Cigarette packaging Printing\" \/>\n\t\t<meta property=\"og:type\" content=\"article\" \/>\n\t\t<meta property=\"og:title\" content=\"Durable Epoxy Stickers Labels for Branding | HKKAYU\" \/>\n\t\t<meta property=\"og:description\" content=\"High-quality epoxy sticker labels for branding and product packaging. Get durable, waterproof, and eye-catching designs for your products.\" \/>\n\t\t<meta property=\"og:url\" content=\"https:\/\/hkkayu.com\/fr\/product\/epoxy-stickers-label\/\" \/>\n\t\t<meta property=\"og:image\" content=\"https:\/\/hkkayu.com\/wp-content\/uploads\/2022\/06\/15F3D7DFA12FA32553EA8C4DD2D580C1.png\" \/>\n\t\t<meta property=\"og:image:secure_url\" content=\"https:\/\/hkkayu.com\/wp-content\/uploads\/2022\/06\/15F3D7DFA12FA32553EA8C4DD2D580C1.png\" \/>\n\t\t<meta property=\"og:image:width\" content=\"541\" \/>\n\t\t<meta property=\"og:image:height\" content=\"403\" \/>\n\t\t<meta property=\"article:published_time\" content=\"2022-06-12T02:33:19+00:00\" \/>\n\t\t<meta property=\"article:modified_time\" content=\"2025-05-31T05:16:36+00:00\" \/>\n\t\t<meta property=\"article:publisher\" content=\"https:\/\/www.facebook.com\/szkayu\" \/>\n\t\t<meta name=\"twitter:card\" content=\"summary_large_image\" \/>\n\t\t<meta name=\"twitter:site\" content=\"@KayuPrinting\" \/>\n\t\t<meta name=\"twitter:title\" content=\"Durable Epoxy Stickers Labels for Branding | HKKAYU\" \/>\n\t\t<meta name=\"twitter:description\" content=\"High-quality epoxy sticker labels for branding and product packaging. Get durable, waterproof, and eye-catching designs for your products.\" \/>\n\t\t<meta name=\"twitter:creator\" content=\"@KayuPrinting\" \/>\n\t\t<meta name=\"twitter:image\" content=\"https:\/\/hkkayu.com\/wp-content\/uploads\/2022\/06\/15F3D7DFA12FA32553EA8C4DD2D580C1.png\" \/>\n\t\t<meta name=\"twitter:label1\" content=\"Written by\" \/>\n\t\t<meta name=\"twitter:data1\" content=\"admin\" \/>\n\t\t<meta name=\"twitter:label2\" content=\"Est. reading time\" \/>\n\t\t<meta name=\"twitter:data2\" content=\"1 minute\" \/>\n\t\t<script type=\"application\/ld+json\" class=\"aioseo-schema\">\n\t\t\t{\"@context\":\"https:\\\/\\\/schema.org\",\"@graph\":[{\"@type\":\"BreadcrumbList\",\"@id\":\"https:\\\/\\\/hkkayu.com\\\/fr\\\/product\\\/epoxy-stickers-label\\\/#breadcrumblist\",\"itemListElement\":[{\"@type\":\"ListItem\",\"@id\":\"https:\\\/\\\/hkkayu.com\\\/fr\\\/#listItem\",\"position\":1,\"name\":\"Home\",\"item\":\"https:\\\/\\\/hkkayu.com\\\/fr\\\/\",\"nextItem\":\"https:\\\/\\\/hkkayu.com\\\/fr\\\/product\\\/epoxy-stickers-label\\\/#listItem\"},{\"@type\":\"ListItem\",\"@id\":\"https:\\\/\\\/hkkayu.com\\\/fr\\\/product\\\/epoxy-stickers-label\\\/#listItem\",\"position\":2,\"name\":\"Custom epoxy stickers label\",\"previousItem\":\"https:\\\/\\\/hkkayu.com\\\/fr\\\/#listItem\"}]},{\"@type\":\"Person\",\"@id\":\"https:\\\/\\\/hkkayu.com\\\/fr\\\/#person\",\"name\":\"admin\",\"image\":{\"@type\":\"ImageObject\",\"@id\":\"https:\\\/\\\/hkkayu.com\\\/fr\\\/product\\\/epoxy-stickers-label\\\/#personImage\",\"url\":\"https:\\\/\\\/hkkayu.com\\\/wp-content\\\/litespeed\\\/avatar\\\/33225e9869c7256fa21564f792d6901c.jpg?ver=1775287552\",\"width\":96,\"height\":96,\"caption\":\"admin\"}},{\"@type\":\"WebPage\",\"@id\":\"https:\\\/\\\/hkkayu.com\\\/fr\\\/product\\\/epoxy-stickers-label\\\/#webpage\",\"url\":\"https:\\\/\\\/hkkayu.com\\\/fr\\\/product\\\/epoxy-stickers-label\\\/\",\"name\":\"Durable Epoxy Stickers Labels for Branding | HKKAYU\",\"description\":\"High-quality epoxy sticker labels for branding and product packaging. Get durable, waterproof, and eye-catching designs for your products.\",\"inLanguage\":\"fr-FR\",\"isPartOf\":{\"@id\":\"https:\\\/\\\/hkkayu.com\\\/fr\\\/#website\"},\"breadcrumb\":{\"@id\":\"https:\\\/\\\/hkkayu.com\\\/fr\\\/product\\\/epoxy-stickers-label\\\/#breadcrumblist\"},\"image\":{\"@type\":\"ImageObject\",\"url\":\"https:\\\/\\\/hkkayu.com\\\/wp-content\\\/uploads\\\/2022\\\/06\\\/dijiao.png\",\"@id\":\"https:\\\/\\\/hkkayu.com\\\/fr\\\/product\\\/epoxy-stickers-label\\\/#mainImage\",\"width\":800,\"height\":800,\"caption\":\"custom Epoxy stickers\"},\"primaryImageOfPage\":{\"@id\":\"https:\\\/\\\/hkkayu.com\\\/fr\\\/product\\\/epoxy-stickers-label\\\/#mainImage\"},\"datePublished\":\"2022-06-12T10:33:19+08:00\",\"dateModified\":\"2025-05-31T13:16:36+08:00\"},{\"@type\":\"WebSite\",\"@id\":\"https:\\\/\\\/hkkayu.com\\\/fr\\\/#website\",\"url\":\"https:\\\/\\\/hkkayu.com\\\/fr\\\/\",\"name\":\"Adhesive Labels & Stickers Printing | Color Box Packaging | High Quality Cigarette packaging Printing\",\"description\":\"KAYU Printing is one of the leading label and sticker Cigarette packaging printing suppliers in China. Specially custom printed for international companies.\",\"inLanguage\":\"fr-FR\",\"publisher\":{\"@id\":\"https:\\\/\\\/hkkayu.com\\\/fr\\\/#person\"}}]}\n\t\t<\/script>\n\t\t<!-- All in One SEO Pro -->\r\n\t\t<title>Durable Epoxy Stickers Labels for Branding | HKKAYU<\/title>\n\n","aioseo_head_json":{"title":"Etiquettes \u00e9poxy durables pour le marquage | HKKAYU","description":"\u00c9tiquettes autocollantes en \u00e9poxy de haute qualit\u00e9 pour le marquage et l'emballage des produits. Obtenez des designs durables, imperm\u00e9ables et accrocheurs pour vos produits.","canonical_url":"https:\/\/hkkayu.com\/fr\/product\/epoxy-stickers-label\/","robots":"max-image-preview:large","keywords":"","webmasterTools":{"google-site-verification":"dzXfJnwOiVxat1p8cyt6iUgKue6RDIJidQiH-aMD0WM","yandex-verification":"9cdcfa146a9fd9a0","baidu-site-verification":"codeva-2wfrtHUYJC","miscellaneous":""},"og:locale":"fr_FR","og:site_name":"Adhesive Labels &amp; Stickers Printing | Color Box Packaging | High Quality Cigarette packaging Printing","og:type":"article","og:title":"Durable Epoxy Stickers Labels for Branding | HKKAYU","og:description":"High-quality epoxy sticker labels for branding and product packaging. Get durable, waterproof, and eye-catching designs for your products.","og:url":"https:\/\/hkkayu.com\/fr\/product\/epoxy-stickers-label\/","og:image":"https:\/\/hkkayu.com\/wp-content\/uploads\/2022\/06\/15F3D7DFA12FA32553EA8C4DD2D580C1.png","og:image:secure_url":"https:\/\/hkkayu.com\/wp-content\/uploads\/2022\/06\/15F3D7DFA12FA32553EA8C4DD2D580C1.png","og:image:width":541,"og:image:height":403,"article:published_time":"2022-06-12T02:33:19+00:00","article:modified_time":"2025-05-31T05:16:36+00:00","article:publisher":"https:\/\/www.facebook.com\/szkayu","twitter:card":"summary_large_image","twitter:site":"@KayuPrinting","twitter:title":"Durable Epoxy Stickers Labels for Branding | HKKAYU","twitter:description":"High-quality epoxy sticker labels for branding and product packaging. Get durable, waterproof, and eye-catching designs for your products.","twitter:creator":"@KayuPrinting","twitter:image":"https:\/\/hkkayu.com\/wp-content\/uploads\/2022\/06\/15F3D7DFA12FA32553EA8C4DD2D580C1.png","twitter:label1":"Written by","twitter:data1":"admin","twitter:label2":"Est. reading time","twitter:data2":"1 minute","schema":{"@context":"https:\/\/schema.org","@graph":[{"@type":"BreadcrumbList","@id":"https:\/\/hkkayu.com\/fr\/product\/epoxy-stickers-label\/#breadcrumblist","itemListElement":[{"@type":"ListItem","@id":"https:\/\/hkkayu.com\/fr\/#listItem","position":1,"name":"Home","item":"https:\/\/hkkayu.com\/fr\/","nextItem":"https:\/\/hkkayu.com\/fr\/product\/epoxy-stickers-label\/#listItem"},{"@type":"ListItem","@id":"https:\/\/hkkayu.com\/fr\/product\/epoxy-stickers-label\/#listItem","position":2,"name":"Custom epoxy stickers label","previousItem":"https:\/\/hkkayu.com\/fr\/#listItem"}]},{"@type":"Person","@id":"https:\/\/hkkayu.com\/fr\/#person","name":"admin","image":{"@type":"ImageObject","@id":"https:\/\/hkkayu.com\/fr\/product\/epoxy-stickers-label\/#personImage","url":"https:\/\/hkkayu.com\/wp-content\/litespeed\/avatar\/33225e9869c7256fa21564f792d6901c.jpg?ver=1775287552","width":96,"height":96,"caption":"admin"}},{"@type":"WebPage","@id":"https:\/\/hkkayu.com\/fr\/product\/epoxy-stickers-label\/#webpage","url":"https:\/\/hkkayu.com\/fr\/product\/epoxy-stickers-label\/","name":"Durable Epoxy Stickers Labels for Branding | HKKAYU","description":"High-quality epoxy sticker labels for branding and product packaging. Get durable, waterproof, and eye-catching designs for your products.","inLanguage":"fr-FR","isPartOf":{"@id":"https:\/\/hkkayu.com\/fr\/#website"},"breadcrumb":{"@id":"https:\/\/hkkayu.com\/fr\/product\/epoxy-stickers-label\/#breadcrumblist"},"image":{"@type":"ImageObject","url":"https:\/\/hkkayu.com\/wp-content\/uploads\/2022\/06\/dijiao.png","@id":"https:\/\/hkkayu.com\/fr\/product\/epoxy-stickers-label\/#mainImage","width":800,"height":800,"caption":"custom Epoxy stickers"},"primaryImageOfPage":{"@id":"https:\/\/hkkayu.com\/fr\/product\/epoxy-stickers-label\/#mainImage"},"datePublished":"2022-06-12T10:33:19+08:00","dateModified":"2025-05-31T13:16:36+08:00"},{"@type":"WebSite","@id":"https:\/\/hkkayu.com\/fr\/#website","url":"https:\/\/hkkayu.com\/fr\/","name":"Adhesive Labels & Stickers Printing | Color Box Packaging | High Quality Cigarette packaging Printing","description":"KAYU Printing is one of the leading label and sticker Cigarette packaging printing suppliers in China. Specially custom printed for international companies.","inLanguage":"fr-FR","publisher":{"@id":"https:\/\/hkkayu.com\/fr\/#person"}}]}},"aioseo_meta_data":{"post_id":"3255","title":"Etiquettes \u00e9poxy durables pour le marquage | HKKAYU","description":"\u00c9tiquettes autocollantes en \u00e9poxy de haute qualit\u00e9 pour le marquage et l'emballage des produits. Obtenez des designs durables, imperm\u00e9ables et accrocheurs pour vos produits.","keywords":null,"keyphrases":"{\"focus\":{\"keyphrase\":\"\",\"score\":0,\"analysis\":{\"keyphraseInTitle\":{\"score\":0,\"maxScore\":9,\"error\":1}}},\"additional\":[]}","primary_term":null,"canonical_url":null,"og_title":null,"og_description":null,"og_object_type":"default","og_image_type":"default","og_image_url":null,"og_image_width":null,"og_image_height":null,"og_image_custom_url":null,"og_image_custom_fields":null,"og_video":"","og_custom_url":null,"og_article_section":null,"og_article_tags":null,"twitter_use_og":false,"twitter_card":"default","twitter_image_type":"default","twitter_image_url":null,"twitter_image_custom_url":null,"twitter_image_custom_fields":null,"twitter_title":null,"twitter_description":null,"schema":{"blockGraphs":[],"customGraphs":[],"default":{"data":{"Article":[],"Course":[],"Dataset":[],"FAQPage":[],"Movie":[],"Person":[],"Product":[],"Recipe":[],"Service":[],"SoftwareApplication":[],"WebPage":[],"ProductReview":[],"Car":[]},"graphName":"WebPage","isEnabled":true},"graphs":[]},"schema_type":"default","schema_type_options":null,"pillar_content":false,"robots_default":true,"robots_noindex":false,"robots_noarchive":false,"robots_nosnippet":false,"robots_nofollow":false,"robots_noimageindex":false,"robots_noodp":false,"robots_notranslate":false,"robots_max_snippet":"-1","robots_max_videopreview":"-1","robots_max_imagepreview":"large","priority":null,"frequency":"default","local_seo":null,"limit_modified_date":false,"created":"2022-06-14 02:57:22","updated":"2025-05-31 05:28:53"},"aioseo_breadcrumb":"<div class=\"aioseo-breadcrumbs\"><span class=\"aioseo-breadcrumb\">\n\t<a href=\"https:\/\/hkkayu.com\/fr\" title=\"HOME\">HOME<\/a>\n<\/span><span class=\"aioseo-breadcrumb-separator\">\u00bb<\/span><span class=\"aioseo-breadcrumb\">\n\t<a href=\"https:\/\/hkkayu.com\/fr\/product\/\" title=\"product\">product<\/a>\n<\/span><span class=\"aioseo-breadcrumb-separator\">\u00bb<\/span><span class=\"aioseo-breadcrumb\">\n\t<a href=\"https:\/\/hkkayu.com\/fr\/product-category\/labels-and-stickers\/\" title=\"Labels and stickers\">Labels and stickers<\/a>\n<\/span><span class=\"aioseo-breadcrumb-separator\">\u00bb<\/span><span class=\"aioseo-breadcrumb\">\n\tCustom epoxy stickers label\n<\/span><\/div>","aioseo_breadcrumb_json":[{"label":"HOME","link":"https:\/\/hkkayu.com\/fr"},{"label":"product","link":"https:\/\/hkkayu.com\/fr\/product\/"},{"label":"Labels and stickers","link":"https:\/\/hkkayu.com\/fr\/product-category\/labels-and-stickers\/"},{"label":"Custom epoxy stickers label","link":"https:\/\/hkkayu.com\/fr\/product\/epoxy-stickers-label\/"}],"_links":{"self":[{"href":"https:\/\/hkkayu.com\/fr\/wp-json\/wp\/v2\/product\/3255","targetHints":{"allow":["GET"]}}],"collection":[{"href":"https:\/\/hkkayu.com\/fr\/wp-json\/wp\/v2\/product"}],"about":[{"href":"https:\/\/hkkayu.com\/fr\/wp-json\/wp\/v2\/types\/product"}],"wp:featuredmedia":[{"embeddable":true,"href":"https:\/\/hkkayu.com\/fr\/wp-json\/wp\/v2\/media\/3253"}],"wp:attachment":[{"href":"https:\/\/hkkayu.com\/fr\/wp-json\/wp\/v2\/media?parent=3255"}],"wp:term":[{"taxonomy":"product_brand","embeddable":true,"href":"https:\/\/hkkayu.com\/fr\/wp-json\/wp\/v2\/product_brand?post=3255"},{"taxonomy":"product_cat","embeddable":true,"href":"https:\/\/hkkayu.com\/fr\/wp-json\/wp\/v2\/product_cat?post=3255"},{"taxonomy":"product_tag","embeddable":true,"href":"https:\/\/hkkayu.com\/fr\/wp-json\/wp\/v2\/product_tag?post=3255"}],"curies":[{"name":"wp","href":"https:\/\/api.w.org\/{rel}","templated":true}]}}